{"id":832,"date":"2024-09-23T23:01:39","date_gmt":"2024-09-23T20:01:39","guid":{"rendered":"https:\/\/woodmaterials.wiwicodemo.com\/video\/"},"modified":"2024-10-07T08:27:57","modified_gmt":"2024-10-07T05:27:57","slug":"%d0%b2%d0%b8%d0%b4%d0%b5%d0%be","status":"publish","type":"page","link":"https:\/\/woodmaterials.wiwicodemo.com\/ru\/%d0%b2%d0%b8%d0%b4%d0%b5%d0%be\/","title":{"rendered":"\u0412\u0438\u0434\u0435\u043e"},"content":{"rendered":"\n  <div id=\"page-header-1319695395\" class=\"page-header-wrapper\">\n  <div class=\"page-title dark featured-title\">\n\n    \n    <div class=\"page-title-inner container align-center flex-row medium-flex-wrap\" >\n              <div class=\"title-wrapper flex-col text-left medium-text-center\">\n          <h1 class=\"entry-title mb-0\">\n            \u0412\u0438\u0434\u0435\u043e          <\/h1>\n        <\/div>\n                    <div class=\"title-content flex-col flex-right text-right medium-text-center\">\n        <div class=\"title-breadcrumbs pb-half pt-half\"><\/div>      <\/div>\n    <\/div>\n\n       <\/div>\n    <\/div>\n  \n\n\n\t<section class=\"section\" id=\"section_1956129061\">\n\t\t<div class=\"section-bg fill\" >\n\t\t\t\t\t\t\t\t\t\n\t\t\t\n\n\t\t<\/div>\n\n\t\t\n\n\t\t<div class=\"section-content relative\">\n\t\t\t\n\n<div class=\"container section-title-container\" ><h3 class=\"section-title section-title-normal\"><b><\/b><span class=\"section-title-main\" >\u041f\u041e\u0421\u041c\u041e\u0422\u0420\u0415\u0422\u042c \u041d\u0410\u0428\u0423 \u0413\u0410\u041b\u0415\u0420\u0415\u042e<\/span><b><\/b><\/h3><\/div>\n\n<div class=\"row\"  id=\"row-278825466\">\n\n\n\t<div id=\"col-1984822748\" class=\"col small-12 large-12\"  >\n\t\t\t\t<div class=\"col-inner\"  >\n\t\t\t\n\t\t\t\n\n<p>\u041c\u044b \u043c\u043e\u0436\u0435\u043c \u043f\u043e\u0441\u0442\u0430\u0432\u0438\u0442\u044c \u0433\u043b\u0430\u0434\u043a\u0438\u0439, \u043a\u0430\u043b\u0438\u0431\u0440\u043e\u0432\u0430\u043d\u043d\u044b\u0439, \u0441\u0442\u0440\u043e\u0433\u0430\u043d\u043d\u044b\u0439 \u0441 4-\u0445 \u0441\u0442\u043e\u0440\u043e\u043d, \u0438\u043c\u0438\u0442\u0430\u0446\u0438\u044e \u0434\u0435\u0440\u0435\u0432\u0430, \u0434\u043e\u0442, \u0448\u043f\u043e\u043d, \u0434\u043e\u0441\u043a\u0443 \u043f\u043e\u043b\u0430, \u0441\u0442\u0435\u043d\u043e\u0432\u044b\u0435 \u043f\u0430\u043d\u0435\u043b\u0438 \u043a\u0440\u0443\u0433\u043b\u043e\u0433\u043e \u0440\u0430\u0434\u0438\u0443\u0441\u0430, \u043f\u0443\u0441\u0442\u043e\u0439 \u043f\u043e\u0434\u0434\u043e\u043d, \u0442\u0430\u0440\u043d\u0443\u044e \u043f\u043b\u0438\u0442\u0443.<\/p>\n\n\n\t\t<\/div>\n\t\t\t\t\t<\/div>\n\n\t\n\n<\/div>\n\n\t\t<\/div>\n\n\t\t\n<style>\n#section_1956129061 {\n  padding-top: 30px;\n  padding-bottom: 30px;\n}\n<\/style>\n\t<\/section>\n\t\n\n\t<section class=\"section\" id=\"section_1441543185\">\n\t\t<div class=\"section-bg fill\" >\n\t\t\t\t\t\t\t\t\t\n\t\t\t\n\n\t\t<\/div>\n\n\t\t\n\n\t\t<div class=\"section-content relative\">\n\t\t\t\n\n<div class=\"row\"  id=\"row-611828522\">\n\n\n\t<div id=\"col-897445086\" class=\"col medium-6 small-12 large-6\"  >\n\t\t\t\t<div class=\"col-inner\"  >\n\t\t\t\n\t\t\t\n\n<div class=\"video video-fit mb\" style=\"padding-top:56.25%;\"><iframe loading=\"lazy\" title=\"Kingwood Company\" width=\"1020\" height=\"574\" src=\"https:\/\/www.youtube.com\/embed\/rr88V8p4RJ4?feature=oembed\" frameborder=\"0\" allow=\"accelerometer; autoplay; clipboard-write; encrypted-media; gyroscope; picture-in-picture; web-share\" referrerpolicy=\"strict-origin-when-cross-origin\" allowfullscreen><\/iframe><\/div>\n\n\t<div id=\"text-194365687\" class=\"text\">\n\t\t\n\n<h3>Kingwood \u015eirketi<\/h3>\n\t\t\n<style>\n#text-194365687 {\n  font-size: 0.75rem;\n  text-align: center;\n}\n<\/style>\n\t<\/div>\n\t\n\n\t\t<\/div>\n\t\t\t\t\t<\/div>\n\n\t\n\n\t<div id=\"col-1686446234\" class=\"col medium-6 small-12 large-6\"  >\n\t\t\t\t<div class=\"col-inner\"  >\n\t\t\t\n\t\t\t\n\n<div class=\"video video-fit mb\" style=\"padding-top:56.25%;\"><p><iframe loading=\"lazy\" title=\"T\u00dcRK \u0130N\u015eAAT SEKT\u00d6R\u00dc EN \u0130Y\u0130 VE SA\u011eLAM \u00dcR\u00dcNLE BULU\u015eUYOR #h20beams #kingwood\" width=\"1020\" height=\"574\" src=\"https:\/\/www.youtube.com\/embed\/FXTRRvVt_xw?feature=oembed\" frameborder=\"0\" allow=\"accelerometer; autoplay; clipboard-write; encrypted-media; gyroscope; picture-in-picture; web-share\" referrerpolicy=\"strict-origin-when-cross-origin\" allowfullscreen><\/iframe><\/p>\n<\/div>\n\n\t<div id=\"text-1331341619\" class=\"text\">\n\t\t\n\n<h3> T\u00dcRK \u0130N\u015eAAT SEKT\u00d6R\u00dc EN \u0130Y\u0130 VE SA\u011eLAM \u00dcR\u00dcNLE BULU\u015eUYOR <\/h3>\n\t\t\n<style>\n#text-1331341619 {\n  font-size: 0.75rem;\n  line-height: 1.2;\n  text-align: center;\n}\n<\/style>\n\t<\/div>\n\t\n\n\t\t<\/div>\n\t\t\t\t\t<\/div>\n\n\t\n\n<\/div>\n<div class=\"row\"  id=\"row-798251792\">\n\n\n\t<div id=\"col-1894313368\" class=\"col medium-6 small-12 large-6\"  >\n\t\t\t\t<div class=\"col-inner\"  >\n\t\t\t\n\t\t\t\n\n<div class=\"video video-fit mb\" style=\"padding-top:56.25%;\"><p><iframe loading=\"lazy\" title=\"dron 4\" width=\"1020\" height=\"574\" src=\"https:\/\/www.youtube.com\/embed\/Lak43alIbzk?feature=oembed\" frameborder=\"0\" allow=\"accelerometer; autoplay; clipboard-write; encrypted-media; gyroscope; picture-in-picture; web-share\" referrerpolicy=\"strict-origin-when-cross-origin\" allowfullscreen><\/iframe><\/p>\n<\/div>\n\n\t<div id=\"text-2133797847\" class=\"text\">\n\t\t\n\n<h3>Kingwood<\/h3>\n\t\t\n<style>\n#text-2133797847 {\n  font-size: 0.75rem;\n  text-align: center;\n}\n<\/style>\n\t<\/div>\n\t\n\n\t\t<\/div>\n\t\t\t\t\t<\/div>\n\n\t\n\n\t<div id=\"col-2016505416\" class=\"col medium-6 small-12 large-6\"  >\n\t\t\t\t<div class=\"col-inner\"  >\n\t\t\t\n\t\t\t\n\n<div class=\"video video-fit mb\" style=\"padding-top:56.25%;\"><p><iframe loading=\"lazy\" title=\"dron 5\" width=\"1020\" height=\"574\" src=\"https:\/\/www.youtube.com\/embed\/JnkTTPCmlq8?feature=oembed\" frameborder=\"0\" allow=\"accelerometer; autoplay; clipboard-write; encrypted-media; gyroscope; picture-in-picture; web-share\" referrerpolicy=\"strict-origin-when-cross-origin\" allowfullscreen><\/iframe><\/p>\n<\/div>\n\n\t<div id=\"text-2728559747\" class=\"text\">\n\t\t\n\n<h3>Kingwood<\/h3>\n\t\t\n<style>\n#text-2728559747 {\n  font-size: 0.75rem;\n  text-align: center;\n}\n<\/style>\n\t<\/div>\n\t\n\n\t\t<\/div>\n\t\t\t\t\t<\/div>\n\n\t\n\n<\/div>\n<div class=\"row\"  id=\"row-86322747\">\n\n\n\t<div id=\"col-1324842475\" class=\"col medium-6 small-12 large-6\"  >\n\t\t\t\t<div class=\"col-inner\"  >\n\t\t\t\n\t\t\t\n\n<div class=\"video video-fit mb\" style=\"padding-top:56.25%;\"><p><iframe loading=\"lazy\" title=\"dron 6\" width=\"1020\" height=\"574\" src=\"https:\/\/www.youtube.com\/embed\/QamFmkojrMs?feature=oembed\" frameborder=\"0\" allow=\"accelerometer; autoplay; clipboard-write; encrypted-media; gyroscope; picture-in-picture; web-share\" referrerpolicy=\"strict-origin-when-cross-origin\" allowfullscreen><\/iframe><\/p>\n<\/div>\n\n\t<div id=\"text-426046463\" class=\"text\">\n\t\t\n\n<h3>Kingwood<\/h3>\n\t\t\n<style>\n#text-426046463 {\n  font-size: 0.75rem;\n  text-align: center;\n}\n<\/style>\n\t<\/div>\n\t\n\n\t\t<\/div>\n\t\t\t\t\t<\/div>\n\n\t\n\n\t<div id=\"col-621698368\" class=\"col medium-6 small-12 large-6\"  >\n\t\t\t\t<div class=\"col-inner\"  >\n\t\t\t\n\t\t\t\n\n<div class=\"video video-fit mb\" style=\"padding-top:56.25%;\"><p><iframe loading=\"lazy\" title=\"dron 7\" width=\"1020\" height=\"574\" src=\"https:\/\/www.youtube.com\/embed\/ZpbfwzSKA2c?feature=oembed\" frameborder=\"0\" allow=\"accelerometer; autoplay; clipboard-write; encrypted-media; gyroscope; picture-in-picture; web-share\" referrerpolicy=\"strict-origin-when-cross-origin\" allowfullscreen><\/iframe><\/p>\n<\/div>\n\n\t<div id=\"text-685630392\" class=\"text\">\n\t\t\n\n<h3>Kingwood<\/h3>\n\t\t\n<style>\n#text-685630392 {\n  font-size: 0.75rem;\n  text-align: center;\n}\n<\/style>\n\t<\/div>\n\t\n\n\t\t<\/div>\n\t\t\t\t\t<\/div>\n\n\t\n\n<\/div>\n<div class=\"row\"  id=\"row-892233320\">\n\n\n\t<div id=\"col-573057183\" class=\"col medium-6 small-12 large-6\"  >\n\t\t\t\t<div class=\"col-inner\"  >\n\t\t\t\n\t\t\t\n\n<div class=\"video video-fit mb\" style=\"padding-top:56.25%;\"><p><iframe loading=\"lazy\" title=\"dron 8\" width=\"1020\" height=\"574\" src=\"https:\/\/www.youtube.com\/embed\/3cf__2I49o8?feature=oembed\" frameborder=\"0\" allow=\"accelerometer; autoplay; clipboard-write; encrypted-media; gyroscope; picture-in-picture; web-share\" referrerpolicy=\"strict-origin-when-cross-origin\" allowfullscreen><\/iframe><\/p>\n<\/div>\n\n\t<div id=\"text-3962212197\" class=\"text\">\n\t\t\n\n<h3>Kingwood<\/h3>\n\t\t\n<style>\n#text-3962212197 {\n  font-size: 0.75rem;\n  text-align: center;\n}\n<\/style>\n\t<\/div>\n\t\n\n\t\t<\/div>\n\t\t\t\t\t<\/div>\n\n\t\n\n\t<div id=\"col-422766042\" class=\"col medium-6 small-12 large-6\"  >\n\t\t\t\t<div class=\"col-inner\"  >\n\t\t\t\n\t\t\t\n\n<div class=\"video video-fit mb\" style=\"padding-top:56.25%;\"><p><iframe loading=\"lazy\" title=\"dron 9\" width=\"1020\" height=\"574\" src=\"https:\/\/www.youtube.com\/embed\/_TMGZFghsmM?feature=oembed\" frameborder=\"0\" allow=\"accelerometer; autoplay; clipboard-write; encrypted-media; gyroscope; picture-in-picture; web-share\" referrerpolicy=\"strict-origin-when-cross-origin\" allowfullscreen><\/iframe><\/p>\n<\/div>\n\n\t<div id=\"text-313557082\" class=\"text\">\n\t\t\n\n<h3>Kingwood<\/h3>\n\t\t\n<style>\n#text-313557082 {\n  font-size: 0.75rem;\n  text-align: center;\n}\n<\/style>\n\t<\/div>\n\t\n\n\t\t<\/div>\n\t\t\t\t\t<\/div>\n\n\t\n\n<\/div>\n<div class=\"row\"  id=\"row-1196116994\">\n\n\n\t<div id=\"col-2118724402\" class=\"col medium-6 small-12 large-6\"  >\n\t\t\t\t<div class=\"col-inner\"  >\n\t\t\t\n\t\t\t\n\n<div class=\"video video-fit mb\" style=\"padding-top:56.25%;\"><p><iframe loading=\"lazy\" title=\"dron 11\" width=\"1020\" height=\"574\" src=\"https:\/\/www.youtube.com\/embed\/tH3zLOi11Nk?feature=oembed\" frameborder=\"0\" allow=\"accelerometer; autoplay; clipboard-write; encrypted-media; gyroscope; picture-in-picture; web-share\" referrerpolicy=\"strict-origin-when-cross-origin\" allowfullscreen><\/iframe><\/p>\n<\/div>\n\n\t<div id=\"text-1294591287\" class=\"text\">\n\t\t\n\n<h3>Kingwood<\/h3>\n\t\t\n<style>\n#text-1294591287 {\n  font-size: 0.75rem;\n  text-align: center;\n}\n<\/style>\n\t<\/div>\n\t\n\n\t\t<\/div>\n\t\t\t\t\t<\/div>\n\n\t\n\n\t<div id=\"col-1559478775\" class=\"col medium-6 small-12 large-6\"  >\n\t\t\t\t<div class=\"col-inner\"  >\n\t\t\t\n\t\t\t\n\n<div class=\"video video-fit mb\" style=\"padding-top:56.25%;\"><p><iframe loading=\"lazy\" title=\"dron 12\" width=\"1020\" height=\"574\" src=\"https:\/\/www.youtube.com\/embed\/NE77PnFmHtQ?feature=oembed\" frameborder=\"0\" allow=\"accelerometer; autoplay; clipboard-write; encrypted-media; gyroscope; picture-in-picture; web-share\" referrerpolicy=\"strict-origin-when-cross-origin\" allowfullscreen><\/iframe><\/p>\n<\/div>\n\n\t<div id=\"text-254538868\" class=\"text\">\n\t\t\n\n<h3>Kingwood<\/h3>\n\t\t\n<style>\n#text-254538868 {\n  font-size: 0.75rem;\n  text-align: center;\n}\n<\/style>\n\t<\/div>\n\t\n\n\t\t<\/div>\n\t\t\t\t\t<\/div>\n\n\t\n\n<\/div>\n<div class=\"row\"  id=\"row-2084587843\">\n\n\n\t<div id=\"col-676963584\" class=\"col medium-6 small-12 large-6\"  >\n\t\t\t\t<div class=\"col-inner\"  >\n\t\t\t\n\t\t\t\n\n<div class=\"video video-fit mb\" style=\"padding-top:56.25%;\"><p><iframe loading=\"lazy\" title=\"dron 13\" width=\"1020\" height=\"574\" src=\"https:\/\/www.youtube.com\/embed\/cAQQwFjMirA?feature=oembed\" frameborder=\"0\" allow=\"accelerometer; autoplay; clipboard-write; encrypted-media; gyroscope; picture-in-picture; web-share\" referrerpolicy=\"strict-origin-when-cross-origin\" allowfullscreen><\/iframe><\/p>\n<\/div>\n\n\t<div id=\"text-2399486445\" class=\"text\">\n\t\t\n\n<h3>Kingwood<\/h3>\n\t\t\n<style>\n#text-2399486445 {\n  font-size: 0.75rem;\n  text-align: center;\n}\n<\/style>\n\t<\/div>\n\t\n\n\t\t<\/div>\n\t\t\t\t\t<\/div>\n\n\t\n\n\t<div id=\"col-1808888835\" class=\"col medium-6 small-12 large-6\"  >\n\t\t\t\t<div class=\"col-inner\"  >\n\t\t\t\n\t\t\t\n\n<div class=\"video video-fit mb\" style=\"padding-top:56.25%;\"><p><iframe loading=\"lazy\" title=\"dron 14\" width=\"1020\" height=\"574\" src=\"https:\/\/www.youtube.com\/embed\/biP-Z6UWFN4?feature=oembed\" frameborder=\"0\" allow=\"accelerometer; autoplay; clipboard-write; encrypted-media; gyroscope; picture-in-picture; web-share\" referrerpolicy=\"strict-origin-when-cross-origin\" allowfullscreen><\/iframe><\/p>\n<\/div>\n\n\t<div id=\"text-1987953911\" class=\"text\">\n\t\t\n\n<h3>Kingwood<\/h3>\n\t\t\n<style>\n#text-1987953911 {\n  font-size: 0.75rem;\n  text-align: center;\n}\n<\/style>\n\t<\/div>\n\t\n\n\t\t<\/div>\n\t\t\t\t\t<\/div>\n\n\t\n\n<\/div>\n<div class=\"row\"  id=\"row-1480287755\">\n\n\n\t<div id=\"col-1966729018\" class=\"col medium-6 small-12 large-6\"  >\n\t\t\t\t<div class=\"col-inner\"  >\n\t\t\t\n\t\t\t\n\n<div class=\"video video-fit mb\" style=\"padding-top:56.25%;\"><p><iframe loading=\"lazy\" title=\"dron 15\" width=\"1020\" height=\"574\" src=\"https:\/\/www.youtube.com\/embed\/tCOqLMGczGA?feature=oembed\" frameborder=\"0\" allow=\"accelerometer; autoplay; clipboard-write; encrypted-media; gyroscope; picture-in-picture; web-share\" referrerpolicy=\"strict-origin-when-cross-origin\" allowfullscreen><\/iframe><\/p>\n<\/div>\n\n\t<div id=\"text-724247871\" class=\"text\">\n\t\t\n\n<h3>Kingwood<\/h3>\n\t\t\n<style>\n#text-724247871 {\n  font-size: 0.75rem;\n  text-align: center;\n}\n<\/style>\n\t<\/div>\n\t\n\n\t\t<\/div>\n\t\t\t\t\t<\/div>\n\n\t\n\n\t<div id=\"col-2136776212\" class=\"col medium-6 small-12 large-6\"  >\n\t\t\t\t<div class=\"col-inner\"  >\n\t\t\t\n\t\t\t\n\n<div class=\"video video-fit mb\" style=\"padding-top:56.25%;\"><p><iframe loading=\"lazy\" title=\"dron 16\" width=\"1020\" height=\"574\" src=\"https:\/\/www.youtube.com\/embed\/KjjVPR9OC_A?feature=oembed\" frameborder=\"0\" allow=\"accelerometer; autoplay; clipboard-write; encrypted-media; gyroscope; picture-in-picture; web-share\" referrerpolicy=\"strict-origin-when-cross-origin\" allowfullscreen><\/iframe><\/p>\n<\/div>\n\n\t<div id=\"text-1556506624\" class=\"text\">\n\t\t\n\n<h3>Kingwood<\/h3>\n\t\t\n<style>\n#text-1556506624 {\n  font-size: 0.75rem;\n  text-align: center;\n}\n<\/style>\n\t<\/div>\n\t\n\n\t\t<\/div>\n\t\t\t\t\t<\/div>\n\n\t\n\n<\/div>\n<div class=\"row\"  id=\"row-447647854\">\n\n\n\t<div id=\"col-1057779449\" class=\"col medium-6 small-12 large-6\"  >\n\t\t\t\t<div class=\"col-inner\"  >\n\t\t\t\n\t\t\t\n\n<div class=\"video video-fit mb\" style=\"padding-top:56.25%;\"><p><iframe loading=\"lazy\" title=\"woods\" width=\"1020\" height=\"574\" src=\"https:\/\/www.youtube.com\/embed\/hwOfOQ-3KKo?feature=oembed\" frameborder=\"0\" allow=\"accelerometer; autoplay; clipboard-write; encrypted-media; gyroscope; picture-in-picture; web-share\" referrerpolicy=\"strict-origin-when-cross-origin\" allowfullscreen><\/iframe><\/p>\n<\/div>\n\n\t<div id=\"text-3558376371\" class=\"text\">\n\t\t\n\n<h3>Kingwood<\/h3>\n\t\t\n<style>\n#text-3558376371 {\n  font-size: 0.75rem;\n  text-align: center;\n}\n<\/style>\n\t<\/div>\n\t\n\n\t\t<\/div>\n\t\t\t\t\t<\/div>\n\n\t\n\n\t<div id=\"col-1555705024\" class=\"col medium-6 small-12 large-6\"  >\n\t\t\t\t<div class=\"col-inner\"  >\n\t\t\t\n\t\t\t\n\n<div class=\"video video-fit mb\" style=\"padding-top:56.25%;\"><p><iframe loading=\"lazy\" title=\"woods\" width=\"1020\" height=\"574\" src=\"https:\/\/www.youtube.com\/embed\/y9NOazHPcXU?feature=oembed\" frameborder=\"0\" allow=\"accelerometer; autoplay; clipboard-write; encrypted-media; gyroscope; picture-in-picture; web-share\" referrerpolicy=\"strict-origin-when-cross-origin\" allowfullscreen><\/iframe><\/p>\n<\/div>\n\n\t<div id=\"text-357580647\" class=\"text\">\n\t\t\n\n<h3>Kingwood<\/h3>\n\t\t\n<style>\n#text-357580647 {\n  font-size: 0.75rem;\n  text-align: center;\n}\n<\/style>\n\t<\/div>\n\t\n\n\t\t<\/div>\n\t\t\t\t\t<\/div>\n\n\t\n\n<\/div>\n\n\t\t<\/div>\n\n\t\t\n<style>\n#section_1441543185 {\n  padding-top: 30px;\n  padding-bottom: 30px;\n}\n<\/style>\n\t<\/section>\n\t\n\n\n\n<p><\/p>\n","protected":false},"excerpt":{"rendered":"","protected":false},"author":1,"featured_media":0,"parent":0,"menu_order":0,"comment_status":"closed","ping_status":"closed","template":"page-blank.php","meta":{"footnotes":""},"class_list":["post-832","page","type-page","status-publish","hentry"],"_links":{"self":[{"href":"https:\/\/woodmaterials.wiwicodemo.com\/ru\/wp-json\/wp\/v2\/pages\/832","targetHints":{"allow":["GET"]}}],"collection":[{"href":"https:\/\/woodmaterials.wiwicodemo.com\/ru\/wp-json\/wp\/v2\/pages"}],"about":[{"href":"https:\/\/woodmaterials.wiwicodemo.com\/ru\/wp-json\/wp\/v2\/types\/page"}],"author":[{"embeddable":true,"href":"https:\/\/woodmaterials.wiwicodemo.com\/ru\/wp-json\/wp\/v2\/users\/1"}],"replies":[{"embeddable":true,"href":"https:\/\/woodmaterials.wiwicodemo.com\/ru\/wp-json\/wp\/v2\/comments?post=832"}],"version-history":[{"count":2,"href":"https:\/\/woodmaterials.wiwicodemo.com\/ru\/wp-json\/wp\/v2\/pages\/832\/revisions"}],"predecessor-version":[{"id":834,"href":"https:\/\/woodmaterials.wiwicodemo.com\/ru\/wp-json\/wp\/v2\/pages\/832\/revisions\/834"}],"wp:attachment":[{"href":"https:\/\/woodmaterials.wiwicodemo.com\/ru\/wp-json\/wp\/v2\/media?parent=832"}],"curies":[{"name":"wp","href":"https:\/\/api.w.org\/{rel}","templated":true}]}}