{"id":646,"date":"2024-09-23T23:02:26","date_gmt":"2024-09-23T20:02:26","guid":{"rendered":"https:\/\/woodmaterials.wiwicodemo.com\/urunler\/"},"modified":"2024-10-20T21:34:57","modified_gmt":"2024-10-20T18:34:57","slug":"products","status":"publish","type":"page","link":"https:\/\/woodmaterials.wiwicodemo.com\/en\/products\/","title":{"rendered":"Products"},"content":{"rendered":"\n  <div id=\"page-header-1573554180\" class=\"page-header-wrapper\">\n  <div class=\"page-title dark featured-title\">\n\n    \n    <div class=\"page-title-inner container align-center flex-row medium-flex-wrap\" >\n              <div class=\"title-wrapper flex-col text-left medium-text-center\">\n          <h1 class=\"entry-title mb-0\">\n            Products          <\/h1>\n        <\/div>\n                    <div class=\"title-content flex-col flex-right text-right medium-text-center\">\n        <div class=\"title-breadcrumbs pb-half pt-half\"><\/div>      <\/div>\n    <\/div>\n\n       <\/div>\n    <\/div>\n  \n\n\n\t<section class=\"section\" id=\"section_1484510340\">\n\t\t<div class=\"section-bg fill\" >\n\t\t\t\t\t\t\t\t\t\n\t\t\t\n\n\t\t<\/div>\n\n\t\t\n\n\t\t<div class=\"section-content relative\">\n\t\t\t\n\n<div class=\"row\"  id=\"row-1396023780\">\n\n\n\t<div id=\"col-989003373\" class=\"col medium-4 small-12 large-4\"  >\n\t\t\t\t<div class=\"col-inner\"  >\n\t\t\t\n\t\t\t\n\n\t<div class=\"box has-hover   has-hover box-shadow-3 box-text-bottom\" >\n\n\t\t<div class=\"box-image\" style=\"border-radius:2%;\">\n\t\t\t<a href=\"https:\/\/woodmaterials.wiwicodemo.com\/en\/spruce-lumbers\/\" >\t\t\t<div class=\"\" >\n\t\t\t\t<img loading=\"lazy\" decoding=\"async\" width=\"365\" height=\"365\" src=\"https:\/\/woodmaterials.wiwicodemo.com\/wp-content\/uploads\/2024\/09\/Uralles-taxta.png\" class=\"attachment- size-\" alt=\"\" srcset=\"https:\/\/woodmaterials.wiwicodemo.com\/wp-content\/uploads\/2024\/09\/Uralles-taxta.png 365w, https:\/\/woodmaterials.wiwicodemo.com\/wp-content\/uploads\/2024\/09\/Uralles-taxta-300x300.png 300w, https:\/\/woodmaterials.wiwicodemo.com\/wp-content\/uploads\/2024\/09\/Uralles-taxta-150x150.png 150w\" sizes=\"auto, (max-width: 365px) 100vw, 365px\" \/>\t\t\t\t\t\t\t\t\t\t\t<\/div>\n\t\t\t<\/a>\t\t<\/div>\n\n\t\t<div class=\"box-text text-center\" >\n\t\t\t<div class=\"box-text-inner\">\n\t\t\t\t\n\n<h4><a href=\"https:\/\/woodmaterials.wiwicodemo.com\/en\/spruce-lumbers\/\">SPRUCE LUMBERS<\/a><\/h4>\n<p>Light and moderately soft wood with a clear colour and reddish grain.<\/p>\n\n\t\t\t<\/div>\n\t\t<\/div>\n\t<\/div>\n\t\n\n\t\t<\/div>\n\t\t\t\t\t<\/div>\n\n\t\n\n\t<div id=\"col-249410845\" class=\"col medium-4 small-12 large-4\"  >\n\t\t\t\t<div class=\"col-inner\"  >\n\t\t\t\n\t\t\t\n\n\t<div class=\"box has-hover   has-hover box-shadow-3 box-text-bottom\" >\n\n\t\t<div class=\"box-image\" style=\"border-radius:2%;\">\n\t\t\t<a href=\"https:\/\/woodmaterials.wiwicodemo.com\/en\/pine-lumbers\/\" >\t\t\t<div class=\"\" >\n\t\t\t\t<img loading=\"lazy\" decoding=\"async\" width=\"285\" height=\"285\" src=\"https:\/\/woodmaterials.wiwicodemo.com\/wp-content\/uploads\/2024\/09\/Aciq-taxta-Red.png\" class=\"attachment- size-\" alt=\"\" srcset=\"https:\/\/woodmaterials.wiwicodemo.com\/wp-content\/uploads\/2024\/09\/Aciq-taxta-Red.png 285w, https:\/\/woodmaterials.wiwicodemo.com\/wp-content\/uploads\/2024\/09\/Aciq-taxta-Red-150x150.png 150w\" sizes=\"auto, (max-width: 285px) 100vw, 285px\" \/>\t\t\t\t\t\t\t\t\t\t\t<\/div>\n\t\t\t<\/a>\t\t<\/div>\n\n\t\t<div class=\"box-text text-center\" >\n\t\t\t<div class=\"box-text-inner\">\n\t\t\t\t\n\n<h4><a href=\"https:\/\/woodmaterials.wiwicodemo.com\/en\/pine-lumbers\/\">PINE LUMBERS<\/a><\/h4>\n<p>Rich in resin and greasy to the touch.<\/p>\n\t<div id=\"gap-1277496583\" class=\"gap-element clearfix\" style=\"display:block; height:auto;\">\n\t\t\n<style>\n#gap-1277496583 {\n  padding-top: 22px;\n}\n<\/style>\n\t<\/div>\n\t\n\n\n\t\t\t<\/div>\n\t\t<\/div>\n\t<\/div>\n\t\n\n\t\t<\/div>\n\t\t\t\t\t<\/div>\n\n\t\n\n\t<div id=\"col-201137667\" class=\"col medium-4 small-12 large-4\"  >\n\t\t\t\t<div class=\"col-inner\"  >\n\t\t\t\n\t\t\t\n\n\t<div class=\"box has-hover   has-hover box-shadow-3 box-text-bottom\" >\n\n\t\t<div class=\"box-image\" style=\"border-radius:2%;\">\n\t\t\t<a href=\"https:\/\/woodmaterials.wiwicodemo.com\/en\/sveza-deck-350\/\" >\t\t\t<div class=\"\" >\n\t\t\t\t<img loading=\"lazy\" decoding=\"async\" width=\"270\" height=\"270\" src=\"https:\/\/woodmaterials.wiwicodemo.com\/wp-content\/uploads\/2024\/09\/Sveza-350_1.png\" class=\"attachment- size-\" alt=\"\" srcset=\"https:\/\/woodmaterials.wiwicodemo.com\/wp-content\/uploads\/2024\/09\/Sveza-350_1.png 270w, https:\/\/woodmaterials.wiwicodemo.com\/wp-content\/uploads\/2024\/09\/Sveza-350_1-150x150.png 150w\" sizes=\"auto, (max-width: 270px) 100vw, 270px\" \/>\t\t\t\t\t\t\t\t\t\t\t<\/div>\n\t\t\t<\/a>\t\t<\/div>\n\n\t\t<div class=\"box-text text-center\" >\n\t\t\t<div class=\"box-text-inner\">\n\t\t\t\t\n\n<h4><a href=\"https:\/\/woodmaterials.wiwicodemo.com\/en\/sveza-deck-350\/\">SVEZA DECK 350<\/a><\/h4>\n<p>Special slab formwork plywood with a grid pattern.<\/p>\n\n\t\t\t<\/div>\n\t\t<\/div>\n\t<\/div>\n\t\n\n\t\t<\/div>\n\t\t\t\t\t<\/div>\n\n\t\n\n<\/div>\n<div class=\"row\"  id=\"row-186701677\">\n\n\n\t<div id=\"col-1274388654\" class=\"col medium-4 small-12 large-4\"  >\n\t\t\t\t<div class=\"col-inner\"  >\n\t\t\t\n\t\t\t\n\n\t<div class=\"box has-hover   has-hover box-shadow-3 box-text-bottom\" >\n\n\t\t<div class=\"box-image\" style=\"border-radius:2%;\">\n\t\t\t<a href=\"https:\/\/woodmaterials.wiwicodemo.com\/en\/doka-h20-beam\/\" >\t\t\t<div class=\"\" >\n\t\t\t\t<img loading=\"lazy\" decoding=\"async\" width=\"270\" height=\"270\" src=\"https:\/\/woodmaterials.wiwicodemo.com\/wp-content\/uploads\/2024\/09\/doka.png\" class=\"attachment- size-\" alt=\"\" srcset=\"https:\/\/woodmaterials.wiwicodemo.com\/wp-content\/uploads\/2024\/09\/doka.png 270w, https:\/\/woodmaterials.wiwicodemo.com\/wp-content\/uploads\/2024\/09\/doka-150x150.png 150w\" sizes=\"auto, (max-width: 270px) 100vw, 270px\" \/>\t\t\t\t\t\t\t\t\t\t\t<\/div>\n\t\t\t<\/a>\t\t<\/div>\n\n\t\t<div class=\"box-text text-center\" >\n\t\t\t<div class=\"box-text-inner\">\n\t\t\t\t\n\n<h4><a href=\"https:\/\/woodmaterials.wiwicodemo.com\/en\/doka-h20-beam\/\">DOKA H20 BEAM<\/a><\/h4>\n<p>Dimensionally stable solid-web beam with fiberboard web and PUR beam-end reinforcement. (EN 13377-compliant)<\/p>\n\n\t\t\t<\/div>\n\t\t<\/div>\n\t<\/div>\n\t\n\n\t\t<\/div>\n\t\t\t\t\t<\/div>\n\n\t\n\n\t<div id=\"col-1337042975\" class=\"col medium-4 small-12 large-4\"  >\n\t\t\t\t<div class=\"col-inner\"  >\n\t\t\t\n\t\t\t\n\n\t<div class=\"box has-hover   has-hover box-shadow-3 box-text-bottom\" >\n\n\t\t<div class=\"box-image\" style=\"border-radius:2%;\">\n\t\t\t<a href=\"https:\/\/woodmaterials.wiwicodemo.com\/en\/osb-3\/\" >\t\t\t<div class=\"\" >\n\t\t\t\t<img loading=\"lazy\" decoding=\"async\" width=\"270\" height=\"270\" src=\"https:\/\/woodmaterials.wiwicodemo.com\/wp-content\/uploads\/2024\/09\/OSB3-Kronospan.png\" class=\"attachment- size-\" alt=\"\" srcset=\"https:\/\/woodmaterials.wiwicodemo.com\/wp-content\/uploads\/2024\/09\/OSB3-Kronospan.png 270w, https:\/\/woodmaterials.wiwicodemo.com\/wp-content\/uploads\/2024\/09\/OSB3-Kronospan-150x150.png 150w\" sizes=\"auto, (max-width: 270px) 100vw, 270px\" \/>\t\t\t\t\t\t\t\t\t\t\t<\/div>\n\t\t\t<\/a>\t\t<\/div>\n\n\t\t<div class=\"box-text text-center\" >\n\t\t\t<div class=\"box-text-inner\">\n\t\t\t\t\n\n<h4><a href=\"https:\/\/woodmaterials.wiwicodemo.com\/en\/osb-3\/\">OSB 3<\/a><\/h4>\n<p>OSB Superfinish is the most progressive OSB type that is currently available.<\/p>\n\n\t<div id=\"gap-1170872905\" class=\"gap-element clearfix\" style=\"display:block; height:auto;\">\n\t\t\n<style>\n#gap-1170872905 {\n  padding-top: 20px;\n}\n<\/style>\n\t<\/div>\n\t\n\n\n\t\t\t<\/div>\n\t\t<\/div>\n\t<\/div>\n\t\n\n\t\t<\/div>\n\t\t\t\t\t<\/div>\n\n\t\n\n\t<div id=\"col-2077132186\" class=\"col medium-4 small-12 large-4\"  >\n\t\t\t\t<div class=\"col-inner\"  >\n\t\t\t\n\t\t\t\n\n\t<div class=\"box has-hover   has-hover box-shadow-3 box-text-bottom\" >\n\n\t\t<div class=\"box-image\" style=\"border-radius:2%;\">\n\t\t\t<a href=\"https:\/\/woodmaterials.wiwicodemo.com\/en\/sveza-film-faced-particle-board\/\" >\t\t\t<div class=\"\" >\n\t\t\t\t<img loading=\"lazy\" decoding=\"async\" width=\"366\" height=\"366\" src=\"https:\/\/woodmaterials.wiwicodemo.com\/wp-content\/uploads\/2024\/09\/sveza-film.png\" class=\"attachment- size-\" alt=\"\" srcset=\"https:\/\/woodmaterials.wiwicodemo.com\/wp-content\/uploads\/2024\/09\/sveza-film.png 366w, https:\/\/woodmaterials.wiwicodemo.com\/wp-content\/uploads\/2024\/09\/sveza-film-300x300.png 300w, https:\/\/woodmaterials.wiwicodemo.com\/wp-content\/uploads\/2024\/09\/sveza-film-150x150.png 150w\" sizes=\"auto, (max-width: 366px) 100vw, 366px\" \/>\t\t\t\t\t\t\t\t\t\t\t<\/div>\n\t\t\t<\/a>\t\t<\/div>\n\n\t\t<div class=\"box-text text-center\" >\n\t\t\t<div class=\"box-text-inner\">\n\t\t\t\t\n\n<h4><a href=\"https:\/\/woodmaterials.wiwicodemo.com\/en\/sveza-film-faced-particle-board\/\">SVEZA FILM FACED PARTICLE BOARD<\/a><\/h4>\n<p>SVEZA film kapl\u0131 yonga levha, y\u00fcksek kaliteli filmle kaplanm\u0131\u015f bir levhad\u0131r.<\/p>\n\n\t<div id=\"gap-1380994272\" class=\"gap-element clearfix\" style=\"display:block; height:auto;\">\n\t\t\n<style>\n#gap-1380994272 {\n  padding-top: 20px;\n}\n<\/style>\n\t<\/div>\n\t\n\n\n\t\t\t<\/div>\n\t\t<\/div>\n\t<\/div>\n\t\n\n\t\t<\/div>\n\t\t\t\t\t<\/div>\n\n\t\n\n<\/div>\n<div class=\"row\"  id=\"row-670674555\">\n\n\n\t<div id=\"col-967145808\" class=\"col medium-4 small-12 large-4\"  >\n\t\t\t\t<div class=\"col-inner\"  >\n\t\t\t\n\t\t\t\n\n\t<div class=\"box has-hover   has-hover box-shadow-3 box-text-bottom\" >\n\n\t\t<div class=\"box-image\" style=\"border-radius:2%;\">\n\t\t\t<a href=\"https:\/\/woodmaterials.wiwicodemo.com\/en\/sveza-film-faced-birch-plywood\/\" >\t\t\t<div class=\"\" >\n\t\t\t\t<img loading=\"lazy\" decoding=\"async\" width=\"274\" height=\"169\" src=\"https:\/\/woodmaterials.wiwicodemo.com\/wp-content\/uploads\/2024\/09\/7.png\" class=\"attachment- size-\" alt=\"\" \/>\t\t\t\t\t\t\t\t\t\t\t<\/div>\n\t\t\t<\/a>\t\t<\/div>\n\n\t\t<div class=\"box-text text-center\" >\n\t\t\t<div class=\"box-text-inner\">\n\t\t\t\t\n\n<h4><a href=\"https:\/\/woodmaterials.wiwicodemo.com\/en\/sveza-film-faced-birch-plywood\/\">SVEZA FILM FACED BIRCH PLYWOOD<\/a><\/h4>\n<p>SVEZA Film Faced Birch Plywood is covered with special wear-resistant material.<\/p>\n\n\t<div id=\"gap-1673916619\" class=\"gap-element clearfix\" style=\"display:block; height:auto;\">\n\t\t\n<style>\n#gap-1673916619 {\n  padding-top: 24px;\n}\n<\/style>\n\t<\/div>\n\t\n\n\n\t\t\t<\/div>\n\t\t<\/div>\n\t<\/div>\n\t\n\n\t\t<\/div>\n\t\t\t\t\t<\/div>\n\n\t\n\n\t<div id=\"col-589407751\" class=\"col medium-4 small-12 large-4\"  >\n\t\t\t\t<div class=\"col-inner\"  >\n\t\t\t\n\t\t\t\n\n\t<div class=\"box has-hover   has-hover box-shadow-3 box-text-bottom\" >\n\n\t\t<div class=\"box-image\" style=\"border-radius:2%;\">\n\t\t\t<a href=\"https:\/\/woodmaterials.wiwicodemo.com\/en\/h20-kingbeams\/\" >\t\t\t<div class=\"\" >\n\t\t\t\t<img loading=\"lazy\" decoding=\"async\" width=\"274\" height=\"169\" src=\"https:\/\/woodmaterials.wiwicodemo.com\/wp-content\/uploads\/2024\/09\/h20.jpg\" class=\"attachment- size-\" alt=\"\" \/>\t\t\t\t\t\t\t\t\t\t\t<\/div>\n\t\t\t<\/a>\t\t<\/div>\n\n\t\t<div class=\"box-text text-center\" >\n\t\t\t<div class=\"box-text-inner\">\n\t\t\t\t\n\n<h4><a href=\"https:\/\/woodmaterials.wiwicodemo.com\/en\/h20-kingbeams\/\">H20 KINGBEAMS<\/a><\/h4>\n<p>Kal\u0131p kiri\u015fleri H20<\/p>\n\n\t<div id=\"gap-68581089\" class=\"gap-element clearfix\" style=\"display:block; height:auto;\">\n\t\t\n<style>\n#gap-68581089 {\n  padding-top: 20px;\n}\n<\/style>\n\t<\/div>\n\t\n\n\t<div id=\"gap-2021860838\" class=\"gap-element clearfix\" style=\"display:block; height:auto;\">\n\t\t\n<style>\n#gap-2021860838 {\n  padding-top: 24px;\n}\n<\/style>\n\t<\/div>\n\t\n\n\n\t\t\t<\/div>\n\t\t<\/div>\n\t<\/div>\n\t\n\n\t\t<\/div>\n\t\t\t\t\t<\/div>\n\n\t\n\n\t<div id=\"col-2095141451\" class=\"col medium-4 small-12 large-4\"  >\n\t\t\t\t<div class=\"col-inner\"  >\n\t\t\t\n\t\t\t\n\n\t<div class=\"box has-hover   has-hover box-shadow-3 box-text-bottom\" >\n\n\t\t<div class=\"box-image\" style=\"border-radius:2%;\">\n\t\t\t<a href=\"https:\/\/woodmaterials.wiwicodemo.com\/en\/sveza-paint\/\" >\t\t\t<div class=\"\" >\n\t\t\t\t<img loading=\"lazy\" decoding=\"async\" width=\"274\" height=\"169\" src=\"https:\/\/woodmaterials.wiwicodemo.com\/wp-content\/uploads\/2024\/09\/product11.png\" class=\"attachment- size-\" alt=\"\" \/>\t\t\t\t\t\t\t\t\t\t\t<\/div>\n\t\t\t<\/a>\t\t<\/div>\n\n\t\t<div class=\"box-text text-center\" >\n\t\t\t<div class=\"box-text-inner\">\n\t\t\t\t\n\n<h4><a href=\"https:\/\/woodmaterials.wiwicodemo.com\/en\/sveza-paint\/\">SVEZA PAINT<\/a><\/h4>\n<p>Plywood with ready-to-paint surface suitable for exterior and interior use.<\/p>\n\n\t<div id=\"gap-298496321\" class=\"gap-element clearfix\" style=\"display:block; height:auto;\">\n\t\t\n<style>\n#gap-298496321 {\n  padding-top: 20px;\n}\n<\/style>\n\t<\/div>\n\t\n\n\n\t\t\t<\/div>\n\t\t<\/div>\n\t<\/div>\n\t\n\n\t\t<\/div>\n\t\t\t\t\t<\/div>\n\n\t\n\n<\/div>\n<div class=\"row\"  id=\"row-240168310\">\n\n\n\t<div id=\"col-1907015338\" class=\"col medium-4 small-12 large-4\"  >\n\t\t\t\t<div class=\"col-inner\"  >\n\t\t\t\n\t\t\t\n\n\t<div class=\"box has-hover   has-hover box-shadow-3 box-text-bottom\" >\n\n\t\t<div class=\"box-image\" style=\"border-radius:2%;\">\n\t\t\t<a href=\"https:\/\/woodmaterials.wiwicodemo.com\/en\/sveza-particle-board\/\" >\t\t\t<div class=\"\" >\n\t\t\t\t<img loading=\"lazy\" decoding=\"async\" width=\"274\" height=\"169\" src=\"https:\/\/woodmaterials.wiwicodemo.com\/wp-content\/uploads\/2024\/09\/product12.png\" class=\"attachment- size-\" alt=\"\" \/>\t\t\t\t\t\t\t\t\t\t\t<\/div>\n\t\t\t<\/a>\t\t<\/div>\n\n\t\t<div class=\"box-text text-center\" >\n\t\t\t<div class=\"box-text-inner\">\n\t\t\t\t\n\n<h4><a href=\"https:\/\/woodmaterials.wiwicodemo.com\/en\/sveza-particle-board\/\">SVEZA PARTICLE BOARD<\/a><\/h4>\n<p>Due to the high density of SVEZA Particle Board the products can be assembled\/disassembled.\u00a0<\/p>\n\n\t<div id=\"gap-1613108823\" class=\"gap-element clearfix\" style=\"display:block; height:auto;\">\n\t\t\n<style>\n#gap-1613108823 {\n  padding-top: 20px;\n}\n<\/style>\n\t<\/div>\n\t\n\n\n\t\t\t<\/div>\n\t\t<\/div>\n\t<\/div>\n\t\n\n\t\t<\/div>\n\t\t\t\t\t<\/div>\n\n\t\n\n\t<div id=\"col-146744027\" class=\"col medium-4 small-12 large-4\"  >\n\t\t\t\t<div class=\"col-inner\"  >\n\t\t\t\n\t\t\t\n\n\t<div class=\"box has-hover   has-hover box-shadow-3 box-text-bottom\" >\n\n\t\t<div class=\"box-image\" style=\"border-radius:2%;\">\n\t\t\t<a href=\"https:\/\/woodmaterials.wiwicodemo.com\/en\/sveza-interior-birch-plywood\/\" >\t\t\t<div class=\"\" >\n\t\t\t\t<img loading=\"lazy\" decoding=\"async\" width=\"274\" height=\"169\" src=\"https:\/\/woodmaterials.wiwicodemo.com\/wp-content\/uploads\/2024\/09\/product13.png\" class=\"attachment- size-\" alt=\"\" \/>\t\t\t\t\t\t\t\t\t\t\t<\/div>\n\t\t\t<\/a>\t\t<\/div>\n\n\t\t<div class=\"box-text text-center\" >\n\t\t\t<div class=\"box-text-inner\">\n\t\t\t\t\n\n<h4><a href=\"https:\/\/woodmaterials.wiwicodemo.com\/en\/sveza-interior-birch-plywood\/\">SVEZA INTERIOR BIRCH PLYWOOD<\/a><\/h4>\n<p>SVEZA Interior Birch Plywood is ideal for interior use.<\/p>\n\n\t<div id=\"gap-673058664\" class=\"gap-element clearfix\" style=\"display:block; height:auto;\">\n\t\t\n<style>\n#gap-673058664 {\n  padding-top: 18px;\n}\n<\/style>\n\t<\/div>\n\t\n\n\n\t\t\t<\/div>\n\t\t<\/div>\n\t<\/div>\n\t\n\n\t\t<\/div>\n\t\t\t\t\t<\/div>\n\n\t\n\n\t<div id=\"col-784213791\" class=\"col medium-4 small-12 large-4\"  >\n\t\t\t\t<div class=\"col-inner\"  >\n\t\t\t\n\t\t\t\n\n\t<div class=\"box has-hover   has-hover box-shadow-3 box-text-bottom\" >\n\n\t\t<div class=\"box-image\" style=\"border-radius:2%;\">\n\t\t\t<a href=\"https:\/\/woodmaterials.wiwicodemo.com\/en\/sveza-laser\/\" >\t\t\t<div class=\"\" >\n\t\t\t\t<img loading=\"lazy\" decoding=\"async\" width=\"274\" height=\"169\" src=\"https:\/\/woodmaterials.wiwicodemo.com\/wp-content\/uploads\/2024\/09\/product14.png\" class=\"attachment- size-\" alt=\"\" \/>\t\t\t\t\t\t\t\t\t\t\t<\/div>\n\t\t\t<\/a>\t\t<\/div>\n\n\t\t<div class=\"box-text text-center\" >\n\t\t\t<div class=\"box-text-inner\">\n\t\t\t\t\n\n<h4><a href=\"https:\/\/woodmaterials.wiwicodemo.com\/en\/sveza-laser\/\">SVEZA LASER<\/a><\/h4>\n<p>Cutting edge plywood for die cutting.<\/p>\n\n\t<div id=\"gap-1316975863\" class=\"gap-element clearfix\" style=\"display:block; height:auto;\">\n\t\t\n<style>\n#gap-1316975863 {\n  padding-top: 23px;\n}\n<\/style>\n\t<\/div>\n\t\n\n\t<div id=\"gap-1296838900\" class=\"gap-element clearfix\" style=\"display:block; height:auto;\">\n\t\t\n<style>\n#gap-1296838900 {\n  padding-top: 20px;\n}\n<\/style>\n\t<\/div>\n\t\n\n\n\t\t\t<\/div>\n\t\t<\/div>\n\t<\/div>\n\t\n\n\t\t<\/div>\n\t\t\t\t\t<\/div>\n\n\t\n\n<\/div>\n<div class=\"row\"  id=\"row-236257993\">\n\n\n\t<div id=\"col-179560317\" class=\"col medium-4 small-12 large-4\"  >\n\t\t\t\t<div class=\"col-inner\"  >\n\t\t\t\n\t\t\t\n\n\t<div class=\"box has-hover   has-hover box-shadow-3 box-text-bottom\" >\n\n\t\t<div class=\"box-image\" style=\"border-radius:2%;\">\n\t\t\t<a href=\"https:\/\/woodmaterials.wiwicodemo.com\/en\/sveza-gas-no96\/\" >\t\t\t<div class=\"\" >\n\t\t\t\t<img loading=\"lazy\" decoding=\"async\" width=\"274\" height=\"169\" src=\"https:\/\/woodmaterials.wiwicodemo.com\/wp-content\/uploads\/2024\/09\/product15.png\" class=\"attachment- size-\" alt=\"\" \/>\t\t\t\t\t\t\t\t\t\t\t<\/div>\n\t\t\t<\/a>\t\t<\/div>\n\n\t\t<div class=\"box-text text-center\" >\n\t\t\t<div class=\"box-text-inner\">\n\t\t\t\t\n\n<h4><a href=\"https:\/\/woodmaterials.wiwicodemo.com\/en\/sveza-gas-no96\/\">SVEZA GAS NO96<\/a><\/h4>\n<p>Birch plywood specially designed for LNG carriers.\u00a0<\/p>\n\n\t<div id=\"gap-1927805364\" class=\"gap-element clearfix\" style=\"display:block; height:auto;\">\n\t\t\n<style>\n#gap-1927805364 {\n  padding-top: 14px;\n}\n<\/style>\n\t<\/div>\n\t\n\n\n\t\t\t<\/div>\n\t\t<\/div>\n\t<\/div>\n\t\n\n\t\t<\/div>\n\t\t\t\t\t<\/div>\n\n\t\n\n\t<div id=\"col-1339170978\" class=\"col medium-4 small-12 large-4\"  >\n\t\t\t\t<div class=\"col-inner\"  >\n\t\t\t\n\t\t\t\n\n\t<div class=\"box has-hover   has-hover box-shadow-3 box-text-bottom\" >\n\n\t\t<div class=\"box-image\" style=\"border-radius:2%;\">\n\t\t\t<a href=\"https:\/\/woodmaterials.wiwicodemo.com\/en\/sveza-titan\/\" >\t\t\t<div class=\"\" >\n\t\t\t\t<img loading=\"lazy\" decoding=\"async\" width=\"274\" height=\"169\" src=\"https:\/\/woodmaterials.wiwicodemo.com\/wp-content\/uploads\/2024\/09\/product16.png\" class=\"attachment- size-\" alt=\"\" \/>\t\t\t\t\t\t\t\t\t\t\t<\/div>\n\t\t\t<\/a>\t\t<\/div>\n\n\t\t<div class=\"box-text text-center\" >\n\t\t\t<div class=\"box-text-inner\">\n\t\t\t\t\n\n<h4><a href=\"https:\/\/woodmaterials.wiwicodemo.com\/en\/sveza-titan\/\">SVEZA TITAN<\/a><\/h4>\n<p>Extra wear-resistance and anti-slip properties for flooring in commercial vehicles.<\/p>\n\n\t<div id=\"gap-1181658639\" class=\"gap-element clearfix\" style=\"display:block; height:auto;\">\n\t\t\n<style>\n#gap-1181658639 {\n  padding-top: 12px;\n}\n<\/style>\n\t<\/div>\n\t\n\n\n\t\t\t<\/div>\n\t\t<\/div>\n\t<\/div>\n\t\n\n\t\t<\/div>\n\t\t\t\t\t<\/div>\n\n\t\n\n<\/div>\n\n\t\t<\/div>\n\n\t\t\n<style>\n#section_1484510340 {\n  padding-top: 30px;\n  padding-bottom: 30px;\n}\n<\/style>\n\t<\/section>\n\t\n\n","protected":false},"excerpt":{"rendered":"","protected":false},"author":1,"featured_media":0,"parent":0,"menu_order":0,"comment_status":"closed","ping_status":"closed","template":"page-blank.php","meta":{"footnotes":""},"class_list":["post-646","page","type-page","status-publish","hentry"],"_links":{"self":[{"href":"https:\/\/woodmaterials.wiwicodemo.com\/en\/wp-json\/wp\/v2\/pages\/646","targetHints":{"allow":["GET"]}}],"collection":[{"href":"https:\/\/woodmaterials.wiwicodemo.com\/en\/wp-json\/wp\/v2\/pages"}],"about":[{"href":"https:\/\/woodmaterials.wiwicodemo.com\/en\/wp-json\/wp\/v2\/types\/page"}],"author":[{"embeddable":true,"href":"https:\/\/woodmaterials.wiwicodemo.com\/en\/wp-json\/wp\/v2\/users\/1"}],"replies":[{"embeddable":true,"href":"https:\/\/woodmaterials.wiwicodemo.com\/en\/wp-json\/wp\/v2\/comments?post=646"}],"version-history":[{"count":49,"href":"https:\/\/woodmaterials.wiwicodemo.com\/en\/wp-json\/wp\/v2\/pages\/646\/revisions"}],"predecessor-version":[{"id":870,"href":"https:\/\/woodmaterials.wiwicodemo.com\/en\/wp-json\/wp\/v2\/pages\/646\/revisions\/870"}],"wp:attachment":[{"href":"https:\/\/woodmaterials.wiwicodemo.com\/en\/wp-json\/wp\/v2\/media?parent=646"}],"curies":[{"name":"wp","href":"https:\/\/api.w.org\/{rel}","templated":true}]}}